{"id":697,"date":"2024-05-25T19:17:39","date_gmt":"2024-05-25T22:17:39","guid":{"rendered":"https:\/\/www.santiagoesteves.com\/?page_id=697"},"modified":"2025-04-14T18:29:25","modified_gmt":"2025-04-14T21:29:25","slug":"la-educacion-del-rey","status":"publish","type":"page","link":"https:\/\/www.santiagoesteves.com\/en\/la-educacion-del-rey\/","title":{"rendered":"REY\u2019S EDUCATION"},"content":{"rendered":"<p>[et_pb_section fb_built=&#8221;1&#8243; _builder_version=&#8221;4.6.4&#8243; _module_preset=&#8221;default&#8221; background_color=&#8221;  #f2eee8&#8243;][et_pb_row _builder_version=&#8221;4.6.4&#8243; _module_preset=&#8221;default&#8221; positioning=&#8221;none&#8221;][et_pb_column type=&#8221;4_4&#8243; _builder_version=&#8221;4.6.4&#8243; _module_preset=&#8221;default&#8221;][et_pb_post_title meta=&#8221;off&#8221; featured_image=&#8221;off&#8221; _builder_version=&#8221;4.6.4&#8243; _module_preset=&#8221;default&#8221; title_font=&#8221;Archivo|700|||||||&#8221; title_font_size=&#8221;24px&#8221; custom_margin=&#8221;20px||10px||false|false&#8221;][\/et_pb_post_title][et_pb_divider color=&#8221;#d6d6d6&#8243; divider_weight=&#8221;0.5px&#8221; divider_weight_tablet=&#8221;&#8221; divider_weight_phone=&#8221;&#8221; divider_weight_last_edited=&#8221;on|desktop&#8221; _builder_version=&#8221;4.6.4&#8243; _module_preset=&#8221;default&#8221; width=&#8221;100%&#8221; custom_margin=&#8221;-10px||||false|false&#8221; locked=&#8221;off&#8221;][\/et_pb_divider][et_pb_text _builder_version=&#8221;4.6.4&#8243; _module_preset=&#8221;default&#8221; text_line_height=&#8221;1.6em&#8221; width=&#8221;100%&#8221; custom_margin=&#8221;||||false|false&#8221; text_font_size_tablet=&#8221;&#8221; text_font_size_phone=&#8221;12px&#8221; text_font_size_last_edited=&#8221;on|tablet&#8221;]<\/p>\n<p>\u00a0Escaping from his criminal baptism, Reynaldo Gal\u00edndez, alias \u201cRey\u201d, lands in the patio of the house inhabited by Carlos Vargas, a retired security guard. Vargas proposes a deal: the young boy will repair the damage caused to his home when falling in return for not being handed over to the police. The agreement will start to fall apart when the loose ends of the robbery Reynaldo had participated in start wrapping themselves round them.<\/p>\n<p>&nbsp;<\/p>\n<p>[\/et_pb_text][\/et_pb_column][\/et_pb_row][et_pb_row _builder_version=&#8221;4.6.4&#8243; _module_preset=&#8221;default&#8221;][et_pb_column type=&#8221;4_4&#8243; _builder_version=&#8221;4.6.4&#8243; _module_preset=&#8221;default&#8221;][et_pb_image src=&#8221;https:\/\/www.santiagoesteves.com\/wp-content\/uploads\/2024\/05\/afiche-y-still-scaled.jpg&#8221; title_text=&#8221;afiche y still&#8221; _builder_version=&#8221;4.6.4&#8243; _module_preset=&#8221;default&#8221; width=&#8221;99.5%&#8221; width_tablet=&#8221;98.5%&#8221; width_phone=&#8221;98%&#8221; width_last_edited=&#8221;on|phone&#8221;][\/et_pb_image][et_pb_gallery gallery_ids=&#8221;1922,1921,1920,1919,1918&#8243; posts_number=&#8221;5&#8243; show_title_and_caption=&#8221;off&#8221; show_pagination=&#8221;off&#8221; _builder_version=&#8221;4.6.4&#8243; _module_preset=&#8221;default&#8221; width_tablet=&#8221;100%&#8221; width_phone=&#8221;&#8221; width_last_edited=&#8221;on|tablet&#8221; custom_padding=&#8221;10px||||false|false&#8221; custom_css_gallery_item=&#8221;||width: 20% !important;||margin: 0 !important;||clear: none !important;&#8221; border_width_right=&#8221;7px&#8221; border_color_right=&#8221;#f1ede6&#8243;][\/et_pb_gallery][et_pb_divider color=&#8221;#d6d6d6&#8243; _builder_version=&#8221;4.6.4&#8243; _module_preset=&#8221;default&#8221; vertical_offset=&#8221;31px&#8221; width=&#8221;100%&#8221; width_tablet=&#8221;100%&#8221; width_phone=&#8221;100%&#8221; width_last_edited=&#8221;on|phone&#8221; max_width=&#8221;100%&#8221;][\/et_pb_divider][\/et_pb_column][\/et_pb_row][et_pb_row _builder_version=&#8221;4.6.4&#8243; _module_preset=&#8221;default&#8221; custom_margin=&#8221;||||false|false&#8221; custom_padding=&#8221;40px||0px||false|false&#8221;][et_pb_column type=&#8221;4_4&#8243; _builder_version=&#8221;4.6.4&#8243; _module_preset=&#8221;default&#8221;][et_pb_text _builder_version=&#8221;4.6.4&#8243; _module_preset=&#8221;default&#8221; text_line_height=&#8221;1.6em&#8221; header_5_font=&#8221;Archivo||||||||&#8221; width=&#8221;100%&#8221; custom_margin=&#8221;||||false|false&#8221; text_font_size_tablet=&#8221;14px&#8221; text_font_size_phone=&#8221;12px&#8221; text_font_size_last_edited=&#8221;on|phone&#8221;]<\/p>\n<h5><strong>FESTIVALS Y AWARDS<\/strong><\/h5>\n<p>San Sebastian IFF 2016 \u2013 Premios CAACI y CINE EN CONSTRUCCI\u00d3N \u00a0<span color=\"#ff9900\" style=\"color: #ff0000;\"><span style=\"caret-color: #ff9900;\"><b>\u2022<\/b><\/span><\/span>\u00a0 San Sebastian IFF 2017 \u2013 Horizontes Latinos \u00a0<span color=\"#ff9900\" style=\"color: #ff0000;\"><span style=\"caret-color: #ff9900;\">\u2022<\/span><\/span>\u00a0Sao Paulo IFF 2017 \u2013 New Filmmakers Competition \u00a0<span color=\"#ff9900\" style=\"color: #ff0000;\"><span style=\"caret-color: #ff9900;\">\u2022<\/span><\/span>\u00a0Pingyao Crouching Tiger Hidden Dragon IFF 2017 \u2013 Crouching Tiger Competition. <span color=\"#ff9900\" style=\"color: #ff0000;\"><span style=\"caret-color: #ff9900;\">\u2022<\/span><\/span>\u00a0 La Habana IFF 2017 \u2013 First Film Competition \u00a0<span color=\"#ff9900\" style=\"color: #ff0000;\"><span style=\"caret-color: #ff9900;\">\u2022<\/span><\/span>\u00a0Palm Springs IFF 2018 \u2013 Ibero American Competition <span color=\"#ff9900\" style=\"color: #ff0000;\"><span style=\"caret-color: #ff9900;\">\u2022<\/span><\/span>\u00a0 Uruguay IFF 2018 \u2013 Official Selection <span color=\"#ff9900\" style=\"color: #ff0000;\"><span style=\"caret-color: #ff9900;\">\u2022<\/span><\/span>\u00a0Chicago Latino IFF 2018 \u2013 Official Selection \u00a0<span color=\"#ff9900\" style=\"color: #ff0000;\"><span style=\"caret-color: #ff9900;\">\u2022<\/span><\/span>\u00a0MOOOV IFF 2018 \u2013 Father-son\u2019 Special Program \u00a0<span color=\"#ff9900\" style=\"color: #ff0000;\"><span style=\"caret-color: #ff9900;\">\u2022<\/span><\/span>\u00a0 LIMA IFF 2018 \u2013 International Competition <span color=\"#ff9900\" style=\"color: #ff0000;\"><span style=\"caret-color: #ff9900;\">\u2022<\/span><\/span>\u00a0EDERA IFF 2018 \u2013 Mejor pel\u00edcula <span color=\"#ff9900\" style=\"color: #ff0000;\"><span style=\"caret-color: #ff9900;\">\u2022<\/span><\/span>\u00a0MAFICI FF 2018 \u2013 Mejor gui\u00f3n y mejor actor: Jorge Prado <span color=\"#ff9900\" style=\"color: #ff0000;\"><span style=\"caret-color: #ff9900;\">\u2022<\/span><\/span>\u00a0PREMIOS C\u00d3NDOR DE PLATA 2018: nominaciones Mejor Actor de Reparto (Germ\u00e1n De Silva) y Mejor Actor Revelaci\u00f3n (Mat\u00edas Encinas)<\/p>\n<p>[\/et_pb_text][et_pb_divider color=&#8221;#d6d6d6&#8243; _builder_version=&#8221;4.6.4&#8243; _module_preset=&#8221;default&#8221; width=&#8221;100%&#8221; width_tablet=&#8221;100%&#8221; width_phone=&#8221;100%&#8221; width_last_edited=&#8221;on|phone&#8221; max_width=&#8221;100%&#8221; custom_margin=&#8221;30px||||false|false&#8221;][\/et_pb_divider][\/et_pb_column][\/et_pb_row][et_pb_row column_structure=&#8221;1_2,1_2&#8243; _builder_version=&#8221;4.6.4&#8243; _module_preset=&#8221;default&#8221; custom_padding=&#8221;||25px||false|false&#8221;][et_pb_column type=&#8221;1_2&#8243; _builder_version=&#8221;4.6.4&#8243; _module_preset=&#8221;default&#8221;][et_pb_text _builder_version=&#8221;4.6.4&#8243; _module_preset=&#8221;default&#8221;]<\/p>\n<h5><strong>CAST<\/strong><\/h5>\n<p>Mat\u00edas Encinas<br \/>Carlos Vargas<br \/>Jorge Prado<br \/>Mario jara<br \/>Elena Schnell<br \/>Mart\u00edn Arrojo<br \/>Walter Jakob<br \/>Marcelo Lacerna<br \/>Esteban Lamothe<\/p>\n<p>[\/et_pb_text][\/et_pb_column][et_pb_column type=&#8221;1_2&#8243; _builder_version=&#8221;4.6.4&#8243; _module_preset=&#8221;default&#8221;][et_pb_text _builder_version=&#8221;4.6.4&#8243; _module_preset=&#8221;default&#8221;]<\/p>\n<h5><strong>CREW<\/strong><\/h5>\n<p>Writers: Juan Manuel Bord\u00f3n \u2013 Santiago Esteves<br \/>Director &amp; Producer: Santiago Esteves<br \/>Director of Photography: Cecilia Madorno<br \/>Sound Design: Lucas Kalik<br \/>Art Director: Alejandra Mascare\u00f1o<br \/>Composer: Mario Galv\u00e1n<br \/>Editor: Santiago Esteves<\/p>\n<p>[\/et_pb_text][\/et_pb_column][\/et_pb_row][et_pb_row custom_padding_last_edited=&#8221;on|tablet&#8221; _builder_version=&#8221;4.6.4&#8243; _module_preset=&#8221;default&#8221; vertical_offset=&#8221;-38px&#8221; vertical_offset_tablet=&#8221;-46px&#8221; vertical_offset_phone=&#8221;8px&#8221; vertical_offset_last_edited=&#8221;on|phone&#8221; custom_margin=&#8221;30px||||false|false&#8221; custom_padding_tablet=&#8221;0px||||false|false&#8221; custom_padding_phone=&#8221;20px||||false|false&#8221;][et_pb_column type=&#8221;4_4&#8243; _builder_version=&#8221;4.6.4&#8243; _module_preset=&#8221;default&#8221;][et_pb_divider _builder_version=&#8221;4.6.4&#8243; _module_preset=&#8221;default&#8221; color=&#8221;#d6d6d6&#8243; hover_enabled=&#8221;0&#8243; sticky_enabled=&#8221;0&#8243;][\/et_pb_divider][et_pb_video src=&#8221;https:\/\/www.youtube.com\/watch?v=14_vvcF9zgE&#8221; _builder_version=&#8221;4.6.4&#8243; _module_preset=&#8221;default&#8221; custom_margin=&#8221;||30px||false|false&#8221;][\/et_pb_video][\/et_pb_column][\/et_pb_row][\/et_pb_section]<\/p>","protected":false},"excerpt":{"rendered":"<p>[et_pb_section fb_built=&#8221;1&#8243; _builder_version=&#8221;4.6.4&#8243; _module_preset=&#8221;default&#8221; background_color=&#8221; #f2eee8&#8243;][et_pb_row _builder_version=&#8221;4.6.4&#8243; _module_preset=&#8221;default&#8221; positioning=&#8221;none&#8221;][et_pb_column type=&#8221;4_4&#8243; _builder_version=&#8221;4.6.4&#8243; _module_preset=&#8221;default&#8221;][et_pb_post_title meta=&#8221;off&#8221; featured_image=&#8221;off&#8221; _builder_version=&#8221;4.6.4&#8243; _module_preset=&#8221;default&#8221; title_font=&#8221;Archivo|700|||||||&#8221; title_font_size=&#8221;24px&#8221; custom_margin=&#8221;20px||10px||false|false&#8221;][\/et_pb_post_title][et_pb_divider color=&#8221;#d6d6d6&#8243; divider_weight=&#8221;0.5px&#8221; divider_weight_tablet=&#8221;&#8221; divider_weight_phone=&#8221;&#8221; divider_weight_last_edited=&#8221;on|desktop&#8221; _builder_version=&#8221;4.6.4&#8243; _module_preset=&#8221;default&#8221; width=&#8221;100%&#8221; custom_margin=&#8221;-10px||||false|false&#8221; locked=&#8221;off&#8221;][\/et_pb_divider][et_pb_text _builder_version=&#8221;4.6.4&#8243; _module_preset=&#8221;default&#8221; text_line_height=&#8221;1.6em&#8221; width=&#8221;100%&#8221; custom_margin=&#8221;||||false|false&#8221; text_font_size_tablet=&#8221;&#8221; text_font_size_phone=&#8221;12px&#8221; text_font_size_last_edited=&#8221;on|tablet&#8221;] \u00a0Reynaldo Gal\u00edndez, alias &#8220;Rey&#8221;, es un adolescente que, escapando de su bautismo como delincuente, cae en el patio [&hellip;]<\/p>","protected":false},"author":1,"featured_media":0,"parent":0,"menu_order":0,"comment_status":"closed","ping_status":"closed","template":"","meta":{"_et_pb_use_builder":"on","_et_pb_old_content":"","_et_gb_content_width":"","footnotes":""},"class_list":["post-697","page","type-page","status-publish","hentry"],"_links":{"self":[{"href":"https:\/\/www.santiagoesteves.com\/en\/wp-json\/wp\/v2\/pages\/697","targetHints":{"allow":["GET"]}}],"collection":[{"href":"https:\/\/www.santiagoesteves.com\/en\/wp-json\/wp\/v2\/pages"}],"about":[{"href":"https:\/\/www.santiagoesteves.com\/en\/wp-json\/wp\/v2\/types\/page"}],"author":[{"embeddable":true,"href":"https:\/\/www.santiagoesteves.com\/en\/wp-json\/wp\/v2\/users\/1"}],"replies":[{"embeddable":true,"href":"https:\/\/www.santiagoesteves.com\/en\/wp-json\/wp\/v2\/comments?post=697"}],"version-history":[{"count":133,"href":"https:\/\/www.santiagoesteves.com\/en\/wp-json\/wp\/v2\/pages\/697\/revisions"}],"predecessor-version":[{"id":2270,"href":"https:\/\/www.santiagoesteves.com\/en\/wp-json\/wp\/v2\/pages\/697\/revisions\/2270"}],"wp:attachment":[{"href":"https:\/\/www.santiagoesteves.com\/en\/wp-json\/wp\/v2\/media?parent=697"}],"curies":[{"name":"wp","href":"https:\/\/api.w.org\/{rel}","templated":true}]}}